{"id":670,"date":"2025-11-21T14:38:10","date_gmt":"2025-11-21T13:38:10","guid":{"rendered":"https:\/\/www.agisitges.cat\/contactar\/"},"modified":"2025-12-11T12:43:01","modified_gmt":"2025-12-11T11:43:01","slug":"contactar","status":"publish","type":"page","link":"https:\/\/www.agisitges.cat\/es\/contactar\/","title":{"rendered":"Contactar"},"content":{"rendered":"<p>[et_pb_section fb_built=\u00bb1&#8243; admin_label=\u00bbCall to Action\u00bb _builder_version=\u00bb4.27.4&#8243; _module_preset=\u00bbdefault\u00bb background_image=\u00bbhttps:\/\/www.agisitges.cat\/wp-content\/uploads\/Agisitges_Tours-8.jpg\u00bb custom_padding=\u00bb||0.9%||false|false\u00bb locked=\u00bboff\u00bb collapsed=\u00bbon\u00bb global_colors_info=\u00bb{}\u00bb][et_pb_row column_structure=\u00bb1_4,3_4&#8243; _builder_version=\u00bb4.18.0&#8243; _module_preset=\u00bbdefault\u00bb locked=\u00bboff\u00bb global_colors_info=\u00bb{}\u00bb][et_pb_column type=\u00bb1_4&#8243; _builder_version=\u00bb4.18.0&#8243; _module_preset=\u00bbdefault\u00bb global_colors_info=\u00bb{}\u00bb][\/et_pb_column][et_pb_column type=\u00bb3_4&#8243; _builder_version=\u00bb4.18.0&#8243; _module_preset=\u00bbdefault\u00bb global_colors_info=\u00bb{}\u00bb][et_pb_text _builder_version=\u00bb4.27.4&#8243; _module_preset=\u00bbf97ee806-1c20-4a85-8e16-dc7a95752cfb\u00bb header_2_font=\u00bb|||on|||||\u00bb header_2_font_size=\u00bb90px\u00bb background_layout=\u00bbdark\u00bb custom_margin=\u00bb||10px||false|false\u00bb header_2_font_size_tablet=\u00bb40px\u00bb header_2_font_size_phone=\u00bb24px\u00bb header_2_font_size_last_edited=\u00bbon|desktop\u00bb header_2_text_shadow_style=\u00bbpreset2&#8243; global_colors_info=\u00bb{}\u00bb]<\/p>\n<h2>Contacto<\/h2>\n<p>[\/et_pb_text][\/et_pb_column][\/et_pb_row][\/et_pb_section][et_pb_section fb_built=\u00bb1&#8243; _builder_version=\u00bb4.27.4&#8243; _module_preset=\u00bbdefault\u00bb custom_padding=\u00bb||||false|false\u00bb box_shadow_style=\u00bbpreset6&#8243; global_colors_info=\u00bb{}\u00bb][et_pb_row _builder_version=\u00bb4.27.4&#8243; _module_preset=\u00bbdefault\u00bb global_colors_info=\u00bb{}\u00bb][et_pb_column type=\u00bb4_4&#8243; _builder_version=\u00bb4.27.4&#8243; _module_preset=\u00bbdefault\u00bb global_colors_info=\u00bb{}\u00bb][et_pb_text _builder_version=\u00bb4.27.4&#8243; _module_preset=\u00bbdefault\u00bb global_colors_info=\u00bb{}\u00bb]<\/p>\n<p><strong>Estamos aqu\u00ed para ayudarle<\/strong> y para resolver cualquier duda que pueda tener sobre nuestras visitas guiadas, actividades o propuestas culturales, y tambi\u00e9n para escuchar cualquier comentario o idea que quiera hacernos llegar porque su opini\u00f3n es esencial para seguir mejorando.<\/p>\n<p>Puede contactar con nosotros a trav\u00e9s del formulario, por tel\u00e9fono o por correo electr\u00f3nico y le responderemos lo antes posible para ofrecerle toda la informaci\u00f3n que necesite y ayudarle a encontrar la actividad o la visita que mejor se adapte a lo que busca.<\/p>\n<p>Nos encantar\u00eda saber qu\u00e9 necesita, qu\u00e9 le interesa o qu\u00e9 experiencia le gustar\u00eda vivir en Sitges, as\u00ed como cualquier sugerencia o comentario que quiera compartir con nosotros porque cada aportaci\u00f3n nos permite crear propuestas m\u00e1s personalizadas y enriquecedoras.<\/p>\n<p>Si no sabe qu\u00e9 tour elegir, contacte con nosotros y le ayudaremos a seleccionar o dise\u00f1ar la visita guiada que mejor encaje con su grupo.[\/et_pb_text][et_pb_icon font_icon=\u00bb&#x22;||divi||400&#8243; url=\u00bb#contacto\u00bb _builder_version=\u00bb4.27.5&#8243; _module_preset=\u00bbdefault\u00bb global_colors_info=\u00bb{}\u00bb][\/et_pb_icon][\/et_pb_column][\/et_pb_row][\/et_pb_section]<\/p>\n","protected":false},"excerpt":{"rendered":"<p>ContactoEstamos aqu\u00ed para ayudarle y para resolver cualquier duda que pueda tener sobre nuestras visitas guiadas, actividades o propuestas culturales, y tambi\u00e9n para escuchar cualquier comentario o idea que quiera hacernos llegar porque su opini\u00f3n es esencial para seguir mejorando. Puede contactar con nosotros a trav\u00e9s del formulario, por tel\u00e9fono o por correo electr\u00f3nico y [&hellip;]<\/p>\n","protected":false},"author":1,"featured_media":0,"parent":0,"menu_order":0,"comment_status":"closed","ping_status":"closed","template":"","meta":{"_et_pb_use_builder":"on","_et_pb_old_content":"","_et_gb_content_width":"","footnotes":""},"class_list":["post-670","page","type-page","status-publish","hentry"],"_links":{"self":[{"href":"https:\/\/www.agisitges.cat\/es\/wp-json\/wp\/v2\/pages\/670","targetHints":{"allow":["GET"]}}],"collection":[{"href":"https:\/\/www.agisitges.cat\/es\/wp-json\/wp\/v2\/pages"}],"about":[{"href":"https:\/\/www.agisitges.cat\/es\/wp-json\/wp\/v2\/types\/page"}],"author":[{"embeddable":true,"href":"https:\/\/www.agisitges.cat\/es\/wp-json\/wp\/v2\/users\/1"}],"replies":[{"embeddable":true,"href":"https:\/\/www.agisitges.cat\/es\/wp-json\/wp\/v2\/comments?post=670"}],"version-history":[{"count":0,"href":"https:\/\/www.agisitges.cat\/es\/wp-json\/wp\/v2\/pages\/670\/revisions"}],"wp:attachment":[{"href":"https:\/\/www.agisitges.cat\/es\/wp-json\/wp\/v2\/media?parent=670"}],"curies":[{"name":"wp","href":"https:\/\/api.w.org\/{rel}","templated":true}]}}